{"id":19,"date":"2019-04-10T09:36:54","date_gmt":"2019-04-10T09:36:54","guid":{"rendered":"http:\/\/ferienwohnung-yachthafenblick.de\/?page_id=19"},"modified":"2019-04-10T09:59:28","modified_gmt":"2019-04-10T09:59:28","slug":"2-seite","status":"publish","type":"page","link":"http:\/\/ferienwohnung-yachthafenblick.de\/?page_id=19","title":{"rendered":"Ausstattung"},"content":{"rendered":"\n<h2><\/h2>\n\n\n\n<p>&nbsp;Allgemein<\/p>\n\n\n\n<ul><li>direkter M\u00fcritzblick<\/li><li class=\"\">direkt an der M\u00fcritz gelegen<\/li><li class=\"\">Blick auf Yachthafen und Altstadt von Waren (M\u00fcritz)<\/li><li class=\"\">kostenloses W-LAN<\/li><li class=\"\">Familienurlaub<\/li><li class=\"\">Aktivurlaub<\/li><li>Wasserblick<\/li><\/ul>\n\n\n\n<p>&nbsp;Au\u00dfenbereich<\/p>\n\n\n\n<ul><li>Parkplatz<\/li><\/ul>\n\n\n\n<p>Flur<\/p>\n\n\n\n<ul><li>Schuhschrank<\/li><li>Garderobe<\/li><\/ul>\n\n\n\n<p>&nbsp;Wohnzimmer<\/p>\n\n\n\n<ul><li>Sideboard<\/li><li class=\"\">Relexsessel<\/li><li class=\"\">Schreibtisch<\/li><li class=\"\">Laminatboden<\/li><li class=\"\">Ecksofa als Schlafsofa (f\u00fcr 2 Personen)<\/li><li class=\"\">Couchtisch<\/li><li class=\"\">Flachbild TV \/ 55 Zoll<\/li><li>Stereoanlage<\/li><\/ul>\n\n\n\n<p>K\u00fcche<\/p>\n\n\n\n<ul><li>Herd \/ 4 Platten<\/li><li class=\"\">4 St\u00fchle<\/li><li class=\"\">Esstisch<\/li><li class=\"\">Hochwertige und vollausgestattete Einbauk\u00fcche mit kompletten Kochutensilien<\/li><li class=\"\">Geschirrsp\u00fcler<\/li><li class=\"\">K\u00fchlschrank<\/li><li class=\"\">Dunstabzugshaube<\/li><li class=\"\">Abw\u00e4sche<\/li><li class=\"\">Wasserkocher<\/li><li class=\"\">Toaster<\/li><li class=\"\">Kaffeemaschine<\/li><li class=\"\">Backofen<\/li><li>Fliesen<\/li><\/ul>\n\n\n\n<p>&nbsp;Schlafzimmer<\/p>\n\n\n\n<ul><li>Laminatboden<\/li><li class=\"\">Fenster<\/li><li class=\"\">Kommode<\/li><li class=\"\">Doppelbett (180&#215;200)<\/li><li class=\"\">Kleiderschrank<\/li><li class=\"\">Nachttischleuchten<\/li><li>Nachtschr\u00e4nke<\/li><\/ul>\n\n\n\n<p>&nbsp;Badezimmer<\/p>\n\n\n\n<ul><li>Waschmaschine<\/li><li class=\"\">Waschtisch<\/li><li class=\"\">WC<\/li><li class=\"\">Badewanne<\/li><li class=\"\">Dusche<\/li><li>Fliesen<\/li><\/ul>\n\n\n\n<p>&nbsp;Sonstiges<\/p>\n\n\n\n<ul><li>Hunde nicht erlaubt<\/li><li>Rauchen nicht erlaubt<\/li><\/ul>\n\n\n\n<p>Service<\/p>\n\n\n\n<ul><li>Bademantel\/Handtuch f\u00fcr Wellness (mietbar)<\/li><li class=\"\">Fr\u00fchst\u00fcck buchbar<\/li><li class=\"\">Kinderhochstuhl (gegen Geb\u00fchr)<\/li><li class=\"\">Kinderreisebett (gegen Geb\u00fchr)<\/li><li class=\"\">Handt\u00fccher vorhanden<\/li><li>Bettw\u00e4sche vorhanden<\/li><\/ul>\n","protected":false},"excerpt":{"rendered":"<p>&nbsp;Allgemein direkter M\u00fcritzblick direkt an der M\u00fcritz gelegen Blick auf Yachthafen und Altstadt von Waren (M\u00fcritz) kostenloses W-LAN Familienurlaub Aktivurlaub Wasserblick &nbsp;Au\u00dfenbereich Parkplatz Flur Schuhschrank Garderobe &nbsp;Wohnzimmer Sideboard Relexsessel Schreibtisch Laminatboden Ecksofa als Schlafsofa (f\u00fcr 2 Personen) Couchtisch Flachbild TV \/ 55 Zoll Stereoanlage K\u00fcche Herd \/ 4 Platten 4 St\u00fchle Esstisch Hochwertige und vollausgestattete &hellip; <\/p>\n<p class=\"link-more\"><a href=\"http:\/\/ferienwohnung-yachthafenblick.de\/?page_id=19\" class=\"more-link\"><span class=\"screen-reader-text\">\u201eAusstattung\u201c<\/span> weiterlesen<\/a><\/p>\n","protected":false},"author":1,"featured_media":0,"parent":0,"menu_order":0,"comment_status":"closed","ping_status":"closed","template":"","meta":[],"_links":{"self":[{"href":"http:\/\/ferienwohnung-yachthafenblick.de\/index.php?rest_route=\/wp\/v2\/pages\/19"}],"collection":[{"href":"http:\/\/ferienwohnung-yachthafenblick.de\/index.php?rest_route=\/wp\/v2\/pages"}],"about":[{"href":"http:\/\/ferienwohnung-yachthafenblick.de\/index.php?rest_route=\/wp\/v2\/types\/page"}],"author":[{"embeddable":true,"href":"http:\/\/ferienwohnung-yachthafenblick.de\/index.php?rest_route=\/wp\/v2\/users\/1"}],"replies":[{"embeddable":true,"href":"http:\/\/ferienwohnung-yachthafenblick.de\/index.php?rest_route=%2Fwp%2Fv2%2Fcomments&post=19"}],"version-history":[{"count":7,"href":"http:\/\/ferienwohnung-yachthafenblick.de\/index.php?rest_route=\/wp\/v2\/pages\/19\/revisions"}],"predecessor-version":[{"id":61,"href":"http:\/\/ferienwohnung-yachthafenblick.de\/index.php?rest_route=\/wp\/v2\/pages\/19\/revisions\/61"}],"wp:attachment":[{"href":"http:\/\/ferienwohnung-yachthafenblick.de\/index.php?rest_route=%2Fwp%2Fv2%2Fmedia&parent=19"}],"curies":[{"name":"wp","href":"https:\/\/api.w.org\/{rel}","templated":true}]}}