{"id":2,"date":"2016-05-10T03:48:21","date_gmt":"2016-05-10T03:48:21","guid":{"rendered":"http:\/\/ferienwohnung-yachthafenblick.de\/?page_id=2"},"modified":"2019-05-24T09:24:24","modified_gmt":"2019-05-24T09:24:24","slug":"sample-page","status":"publish","type":"page","link":"http:\/\/ferienwohnung-yachthafenblick.de\/","title":{"rendered":"\u00dcberblick"},"content":{"rendered":"<p>Direkt am Yachthafen gelegen genie\u00dfen Sie aus der&nbsp;<strong>Ferienwohnung \u201eYachthafenblick\u201c<\/strong>&nbsp;einen wundersch\u00f6nen Blick auf das&nbsp;<strong>maritime Flair<\/strong>&nbsp;des Hafens und k\u00f6nnen den Schiffen beim ein- und auslaufen zusehen.<\/p>\n<p>Die Ferienwohnung ist mit 57 qm gro\u00dfz\u00fcgig geschnitten und bietet 2 bis zu 4 Personen Platz.<\/p>\n<p>Das&nbsp;<strong>lichtdurchflutete<\/strong>&nbsp;mit gro\u00dfen Dachfenstern ausgestattete Nichtraucher-Apartment befindet sich im 1. OG und ist \u00fcber eine Treppe zu erreichen.<\/p>\n<p>Im Eingangsbereich der Wohnung finden Sie eine Garderobe, einen gro\u00dfen Spiegel und eine Schuhablage.<\/p>\n<p>Vom Flur kommt man in die 10 m\u00b2 gro\u00dfe, K\u00fcche. Die&nbsp;<strong>moderne helle Einbauk\u00fcche<\/strong>&nbsp;verf\u00fcgt \u00fcber Elektroeinbauger\u00e4te, wie einen Herd mit 4 Platten, einen Backofen, Geschirrsp\u00fcler und einen K\u00fchlschrank. Die K\u00fcche ist mit zahlreichem Koch-Zubeh\u00f6r perfekt ausgestattet f\u00fcr einen gemeinsamen Kochabend. F\u00fcr bequeme Sitzm\u00f6glichkeiten sorgen 4 St\u00fchle und ein gro\u00dfer Tisch von dem Sie den Blick \u00fcber die M\u00fcritz schweifen lassen k\u00f6nnen.<\/p>\n<p>Das Badezimmer ist hell gefliest und verf\u00fcgt \u00fcber eine&nbsp;<strong>Badewanne mit Duschwand<\/strong>, einem Waschbecken und ein WC. In der Badewanne k\u00f6nnen Sie entspannen und Ruhe finden.<\/p>\n<p>Das 12m\u00b2 gro\u00dfe Schlafzimmer ist mit einem&nbsp;<strong>Doppelbett (180&nbsp; cm x 200 cm)<\/strong>&nbsp;ausgestattet. F\u00fcr eine angehnehme Nachtruhe sorgen Plissees an den Fenstern. Ein gro\u00dfer Kleiderschrank f\u00fcr Ihre Sachen, Nachtschr\u00e4nke und Nachttischleuchten sowie eine Kommode machen den Raum komplett.<\/p>\n<p>\u00dcber eine Treppe gelangen Sie in das gro\u00dfe Wohnzimmer im Dachgeschoss. Ein gro\u00dfes&nbsp;<strong>Schlaf-Ecksofa<\/strong>&nbsp;in modernen grau, bietet viel Platz und kann als Aufbettungsm\u00f6glichkeit f\u00fcr 2 Personen genutzt werden. Ein gro\u00dfer&nbsp;<strong>Flachbild-TV<\/strong>&nbsp;und eine&nbsp;<strong>Stereoanlage<\/strong>sorgen f\u00fcr mediale Unterhaltung. Durch die gro\u00dfen Dachfl\u00e4chenfenster f\u00e4llt viel Licht in den Raum mit hoher Decke. Ein gem\u00fctlicher Sessel mit Hocker und ein Schreibtisch mit Stuhl runden das Angebot ab.<\/p>\n<p>Selbstverst\u00e4ndlich steht Ihnen&nbsp;<strong>kostenfreies W-LAN&nbsp;<\/strong>zur Verf\u00fcgung. Das Apartment ist mit Laminat und hellen Fliesen ausgestattet. M\u00f6bel in Holzoptik geben der Ferienwohnung \u201eSeeblick\u201c ein gem\u00fctliches Flair. Eine Waschmaschine steht ihnen in der Ferienwohnung kostenfrei zur Verf\u00fcgung.<\/p>\n<p>Die Gastronomie in unmittelbarer N\u00e4he sorgt f\u00fcr eine kulinarische Rundum-Versorgung! Hier kann man das Hafenflair genie\u00dfen und einen erlebnisreichen Tag an der M\u00fcritz beginnen oder ausklingen lassen \u2026<\/p>\n<p>F\u00fcr unsere kleinen Urlaubsg\u00e4ste ist auch gesorgt &#8211; ein sch\u00f6ner Spielplatz befindet sich direkt am Hafen. Einen zum Ferienapartment dazugeh\u00f6rigen Parkplatz k\u00f6nnen Sie direkt mit buchen (gegen Geb\u00fchr). Hunde sind in der Ferienwohnung nicht erlaubt.<\/p>\n<div class=\"shariff\"><ul class=\"shariff-buttons theme-default orientation-horizontal buttonsize-medium\"><li class=\"shariff-button twitter shariff-nocustomcolor\" style=\"background-color:#32bbf5\"><a href=\"https:\/\/twitter.com\/share?url=http%3A%2F%2Fferienwohnung-yachthafenblick.de%2F&text=%C3%9Cberblick\" title=\"Bei Twitter teilen\" aria-label=\"Bei Twitter teilen\" role=\"button\" rel=\"noopener nofollow\" class=\"shariff-link\" style=\"; background-color:#55acee; color:#fff\" target=\"_blank\"><span class=\"shariff-icon\" style=\"\"><svg width=\"32px\" height=\"20px\" xmlns=\"http:\/\/www.w3.org\/2000\/svg\" viewBox=\"0 0 30 32\"><path fill=\"#55acee\" d=\"M29.7 6.8q-1.2 1.8-3 3.1 0 0.3 0 0.8 0 2.5-0.7 4.9t-2.2 4.7-3.5 4-4.9 2.8-6.1 1q-5.1 0-9.3-2.7 0.6 0.1 1.5 0.1 4.3 0 7.6-2.6-2-0.1-3.5-1.2t-2.2-3q0.6 0.1 1.1 0.1 0.8 0 1.6-0.2-2.1-0.4-3.5-2.1t-1.4-3.9v-0.1q1.3 0.7 2.8 0.8-1.2-0.8-2-2.2t-0.7-2.9q0-1.7 0.8-3.1 2.3 2.8 5.5 4.5t7 1.9q-0.2-0.7-0.2-1.4 0-2.5 1.8-4.3t4.3-1.8q2.7 0 4.5 1.9 2.1-0.4 3.9-1.5-0.7 2.2-2.7 3.4 1.8-0.2 3.5-0.9z\"\/><\/svg><\/span><span class=\"shariff-text\">twittern<\/span>&nbsp;<\/a><\/li><li class=\"shariff-button facebook shariff-nocustomcolor\" style=\"background-color:#4273c8\"><a href=\"https:\/\/www.facebook.com\/sharer\/sharer.php?u=http%3A%2F%2Fferienwohnung-yachthafenblick.de%2F\" title=\"Bei Facebook teilen\" aria-label=\"Bei Facebook teilen\" role=\"button\" rel=\"nofollow\" class=\"shariff-link\" style=\"; background-color:#3b5998; color:#fff\" target=\"_blank\"><span class=\"shariff-icon\" style=\"\"><svg width=\"32px\" height=\"20px\" xmlns=\"http:\/\/www.w3.org\/2000\/svg\" viewBox=\"0 0 18 32\"><path fill=\"#3b5998\" d=\"M17.1 0.2v4.7h-2.8q-1.5 0-2.1 0.6t-0.5 1.9v3.4h5.2l-0.7 5.3h-4.5v13.6h-5.5v-13.6h-4.5v-5.3h4.5v-3.9q0-3.3 1.9-5.2t5-1.8q2.6 0 4.1 0.2z\"\/><\/svg><\/span><span class=\"shariff-text\">teilen<\/span>&nbsp;<\/a><\/li><li class=\"shariff-button linkedin shariff-nocustomcolor\" style=\"background-color:#1488bf\"><a href=\"https:\/\/www.linkedin.com\/shareArticle?mini=true&url=http%3A%2F%2Fferienwohnung-yachthafenblick.de%2F&title=%C3%9Cberblick\" title=\"Bei LinkedIn teilen\" aria-label=\"Bei LinkedIn teilen\" role=\"button\" rel=\"noopener nofollow\" class=\"shariff-link\" style=\"; background-color:#0077b5; color:#fff\" target=\"_blank\"><span class=\"shariff-icon\" style=\"\"><svg width=\"32px\" height=\"20px\" xmlns=\"http:\/\/www.w3.org\/2000\/svg\" viewBox=\"0 0 27 32\"><path fill=\"#0077b5\" d=\"M6.2 11.2v17.7h-5.9v-17.7h5.9zM6.6 5.7q0 1.3-0.9 2.2t-2.4 0.9h0q-1.5 0-2.4-0.9t-0.9-2.2 0.9-2.2 2.4-0.9 2.4 0.9 0.9 2.2zM27.4 18.7v10.1h-5.9v-9.5q0-1.9-0.7-2.9t-2.3-1.1q-1.1 0-1.9 0.6t-1.2 1.5q-0.2 0.5-0.2 1.4v9.9h-5.9q0-7.1 0-11.6t0-5.3l0-0.9h5.9v2.6h0q0.4-0.6 0.7-1t1-0.9 1.6-0.8 2-0.3q3 0 4.9 2t1.9 6z\"\/><\/svg><\/span><span class=\"shariff-text\">mitteilen<\/span>&nbsp;<\/a><\/li><li class=\"shariff-button info shariff-nocustomcolor\" style=\"background-color:#eee\"><a href=\"http:\/\/ct.de\/-2467514\" title=\"Weitere Informationen\" aria-label=\"Weitere Informationen\" role=\"button\" rel=\"noopener nofollow\" class=\"shariff-link\" style=\"; background-color:#fff; color:#fff\" target=\"_blank\"><span class=\"shariff-icon\" style=\"\"><svg width=\"32px\" height=\"20px\" xmlns=\"http:\/\/www.w3.org\/2000\/svg\" viewBox=\"0 0 11 32\"><path fill=\"#999\" d=\"M11.4 24v2.3q0 0.5-0.3 0.8t-0.8 0.4h-9.1q-0.5 0-0.8-0.4t-0.4-0.8v-2.3q0-0.5 0.4-0.8t0.8-0.4h1.1v-6.8h-1.1q-0.5 0-0.8-0.4t-0.4-0.8v-2.3q0-0.5 0.4-0.8t0.8-0.4h6.8q0.5 0 0.8 0.4t0.4 0.8v10.3h1.1q0.5 0 0.8 0.4t0.3 0.8zM9.2 3.4v3.4q0 0.5-0.4 0.8t-0.8 0.4h-4.6q-0.4 0-0.8-0.4t-0.4-0.8v-3.4q0-0.4 0.4-0.8t0.8-0.4h4.6q0.5 0 0.8 0.4t0.4 0.8z\"\/><\/svg><\/span><\/a><\/li><\/ul><\/div>","protected":false},"excerpt":{"rendered":"<p>Direkt am Yachthafen gelegen genie\u00dfen Sie aus der&nbsp;Ferienwohnung \u201eYachthafenblick\u201c&nbsp;einen wundersch\u00f6nen Blick auf das&nbsp;maritime Flair&nbsp;des Hafens und k\u00f6nnen den Schiffen beim ein- und auslaufen zusehen. Die Ferienwohnung ist mit 57 qm gro\u00dfz\u00fcgig geschnitten und bietet 2 bis zu 4 Personen Platz. Das&nbsp;lichtdurchflutete&nbsp;mit gro\u00dfen Dachfenstern ausgestattete Nichtraucher-Apartment befindet sich im 1. OG und ist \u00fcber eine Treppe &hellip; <\/p>\n<p class=\"link-more\"><a href=\"http:\/\/ferienwohnung-yachthafenblick.de\/\" class=\"more-link\"><span class=\"screen-reader-text\">\u201e\u00dcberblick\u201c<\/span> weiterlesen<\/a><\/p>\n","protected":false},"author":1,"featured_media":0,"parent":0,"menu_order":0,"comment_status":"closed","ping_status":"closed","template":"","meta":[],"_links":{"self":[{"href":"http:\/\/ferienwohnung-yachthafenblick.de\/index.php?rest_route=\/wp\/v2\/pages\/2"}],"collection":[{"href":"http:\/\/ferienwohnung-yachthafenblick.de\/index.php?rest_route=\/wp\/v2\/pages"}],"about":[{"href":"http:\/\/ferienwohnung-yachthafenblick.de\/index.php?rest_route=\/wp\/v2\/types\/page"}],"author":[{"embeddable":true,"href":"http:\/\/ferienwohnung-yachthafenblick.de\/index.php?rest_route=\/wp\/v2\/users\/1"}],"replies":[{"embeddable":true,"href":"http:\/\/ferienwohnung-yachthafenblick.de\/index.php?rest_route=%2Fwp%2Fv2%2Fcomments&post=2"}],"version-history":[{"count":5,"href":"http:\/\/ferienwohnung-yachthafenblick.de\/index.php?rest_route=\/wp\/v2\/pages\/2\/revisions"}],"predecessor-version":[{"id":56,"href":"http:\/\/ferienwohnung-yachthafenblick.de\/index.php?rest_route=\/wp\/v2\/pages\/2\/revisions\/56"}],"wp:attachment":[{"href":"http:\/\/ferienwohnung-yachthafenblick.de\/index.php?rest_route=%2Fwp%2Fv2%2Fmedia&parent=2"}],"curies":[{"name":"wp","href":"https:\/\/api.w.org\/{rel}","templated":true}]}}